{"id":596,"date":"2026-03-01T08:04:08","date_gmt":"2026-03-01T08:04:08","guid":{"rendered":"https:\/\/gamehelptech.com\/?page_id=596"},"modified":"2026-04-08T10:22:44","modified_gmt":"2026-04-08T10:22:44","slug":"datenschutzrichtlinie","status":"publish","type":"page","link":"https:\/\/gamehelptech.com\/de\/datenschutzrichtlinie\/","title":{"rendered":"Datenschutzrichtlinie"},"content":{"rendered":"<div class=\"en section_container active\">\n<div id=\"md_en\" class=\"agreement_md\" data-target=\"out_en\">Zuletzt aktualisiert: 03. M\u00e4rz 2026 Diese Datenschutzerkl\u00e4rung beschreibt unsere Richtlinien und Verfahren zur Erhebung, Nutzung und Offenlegung Ihrer Informationen, wenn Sie den Dienst nutzen, und informiert Sie \u00fcber Ihre Datenschutzrechte und dar\u00fcber, wie das Gesetz Sie sch\u00fctzt. Wir verwenden Ihre personenbezogenen Daten, um den Dienst bereitzustellen und zu verbessern. Durch die Nutzung des Dienstes stimmen Sie der Erhebung und Nutzung von Informationen gem\u00e4\u00df dieser Datenschutzerkl\u00e4rung zu.<\/p>\n<h1>Auslegung und Begriffsbestimmungen<\/h1>\n<h2>Auslegung<\/h2>\n<p>W\u00f6rter, deren Anfangsbuchstabe gro\u00dfgeschrieben ist, haben Bedeutungen, die unter den folgenden Bedingungen definiert sind. Die folgenden Definitionen haben dieselbe Bedeutung, unabh\u00e4ngig davon, ob sie im Singular oder Plural erscheinen.<\/p>\n<h2>Begriffsbestimmungen<\/h2>\n<p>F\u00fcr die Zwecke dieser Datenschutzerkl\u00e4rung:<\/p>\n<ul>\n<li><strong>Konto<\/strong>\u00a0bezeichnet ein einzigartiges Konto, das f\u00fcr Sie erstellt wurde, um auf unseren Dienst oder Teile unseres Dienstes zuzugreifen.<\/li>\n<li><strong>Unternehmen<\/strong>\u00a0(als \u201edas Unternehmen\u201c, \u201eWir\u201c, \u201eUns\u201c oder \u201eUnser\u201c in dieser Vereinbarung bezeichnet) bezieht sich auf cvvdf, hhhhh.<\/li>\n<li><strong>Cookies<\/strong>\u00a0sind kleine Dateien, die von einer Website auf Ihrem Computer, Mobilger\u00e4t oder einem anderen Ger\u00e4t platziert werden und unter anderem Details zu Ihrem Browserverlauf auf dieser Website enthalten.<\/li>\n<li><strong>Land<\/strong>\u00a0bezieht sich auf: New York, Vereinigte Staaten<\/li>\n<li><strong>Ger\u00e4t<\/strong>\u00a0bezeichnet jedes Ger\u00e4t, das auf den Dienst zugreifen kann, wie z. B. einen Computer, ein Mobiltelefon oder ein digitales Tablet.<\/li>\n<li><strong>Personenbezogene Daten<\/strong>\u00a0sind alle Informationen, die sich auf eine identifizierte oder identifizierbare nat\u00fcrliche Person beziehen.<\/li>\n<li><strong>Dienst<\/strong>\u00a0bezieht sich auf die Website.<\/li>\n<li><strong>Dienstanbieter<\/strong>\u00a0bezeichnet jede nat\u00fcrliche oder juristische Person, die die Daten im Auftrag des Unternehmens verarbeitet. Es bezieht sich auf Drittunternehmen oder Einzelpersonen, die vom Unternehmen besch\u00e4ftigt werden, um den Dienst zu erleichtern, den Dienst im Namen des Unternehmens bereitzustellen, Dienstleistungen im Zusammenhang mit dem Dienst zu erbringen oder das Unternehmen bei der Analyse der Nutzung des Dienstes zu unterst\u00fctzen.<\/li>\n<li><strong>Nutzungsdaten<\/strong>\u00a0beziehen sich auf Daten, die automatisch erhoben werden, entweder durch die Nutzung des Dienstes oder aus der Infrastruktur des Dienstes selbst (z. B. die Dauer eines Seitenbesuchs).<\/li>\n<li><strong>Website<\/strong> bezieht sich auf plc.<\/li>\n<li><strong>Sie<\/strong>\u00a0bezeichnet die nat\u00fcrliche Person, die auf den Dienst zugreift oder ihn nutzt, oder das Unternehmen oder eine andere juristische Person, in deren Namen eine solche nat\u00fcrliche Person auf den Dienst zugreift oder ihn nutzt, je nach Fall.<\/li>\n<\/ul>\n<h1>Erhebung und Nutzung Ihrer personenbezogenen Daten<\/h1>\n<h2>Arten der erhobenen Daten<\/h2>\n<h3>Personenbezogene Daten<\/h3>\n<p>Bei der Nutzung unseres Dienstes k\u00f6nnen wir Sie bitten, uns bestimmte personenbezogene Informationen zur Verf\u00fcgung zu stellen, die zur Kontaktaufnahme oder Identifizierung Ihrer Person verwendet werden k\u00f6nnen. Zu den personenbezogenen Informationen k\u00f6nnen geh\u00f6ren, jedoch nicht beschr\u00e4nkt auf:<\/p>\n<ul>\n<li>E-Mail-Adresse<\/li>\n<li>Nutzungsdaten<\/li>\n<\/ul>\n<h3>Nutzungsdaten<\/h3>\n<p>Nutzungsdaten werden automatisch erhoben, wenn Sie den Dienst nutzen. Nutzungsdaten k\u00f6nnen Informationen wie die Internetprotokoll-Adresse Ihres Ger\u00e4ts (z. B. IP-Adresse), den Browsertyp, die Browserversion, die von Ihnen besuchten Seiten unseres Dienstes, Uhrzeit und Datum Ihres Besuchs, die auf diesen Seiten verbrachte Zeit, eindeutige Ger\u00e4tekennungen und andere Diagnosedaten umfassen. Wenn Sie \u00fcber ein Mobilger\u00e4t auf den Dienst zugreifen, k\u00f6nnen wir bestimmte Informationen automatisch erheben, einschlie\u00dflich, aber nicht beschr\u00e4nkt auf, den Typ des von Ihnen verwendeten Mobilger\u00e4ts, die eindeutige ID Ihres Mobilger\u00e4ts, die IP-Adresse Ihres Mobilger\u00e4ts, das Betriebssystem Ihres Mobilger\u00e4ts, den Typ des von Ihnen verwendeten mobilen Internetbrowsers, eindeutige Ger\u00e4tekennungen und andere Diagnosedaten. Wir k\u00f6nnen auch Informationen erheben, die Ihr Browser sendet, wenn Sie unseren Dienst besuchen oder wenn Sie \u00fcber ein Mobilger\u00e4t auf den Dienst zugreifen.<\/p>\n<h3>Tracking-Technologien und Cookies<\/h3>\n<p>Wir verwenden Cookies und \u00e4hnliche Tracking-Technologien, um die Aktivit\u00e4ten auf unserem Dienst zu verfolgen und bestimmte Informationen zu speichern. Die verwendeten Tracking-Technologien sind Beacons, Tags und Skripte, um Informationen zu sammeln und zu verfolgen und unseren Dienst zu verbessern und zu analysieren. Die von uns verwendeten Technologien k\u00f6nnen Folgendes umfassen:<\/p>\n<ul>\n<li><strong>Cookies oder Browser-Cookies.<\/strong>\u00a0Ein Cookie ist eine kleine Datei, die auf Ihrem Ger\u00e4t platziert wird. Sie k\u00f6nnen Ihren Browser anweisen, alle Cookies abzulehnen oder anzuzeigen, wenn ein Cookie gesendet wird. Wenn Sie jedoch keine Cookies akzeptieren, k\u00f6nnen Sie m\u00f6glicherweise einige Teile unseres Dienstes nicht nutzen. Sofern Sie Ihre Browsereinstellungen nicht so angepasst haben, dass sie Cookies ablehnen, kann unser Dienst Cookies verwenden.<\/li>\n<li><strong>Flash-Cookies.<\/strong> Bestimmte Funktionen unseres Dienstes k\u00f6nnen lokal gespeicherte Objekte (oder Flash-Cookies) verwenden, um Informationen \u00fcber Ihre Pr\u00e4ferenzen oder Ihre Aktivit\u00e4ten auf unserem Dienst zu sammeln und zu speichern. Flash-Cookies werden nicht durch dieselben Browsereinstellungen verwaltet wie Browser-Cookies. Weitere Informationen dar\u00fcber, wie Sie Flash-Cookies l\u00f6schen k\u00f6nnen, finden Sie unter \u201eWo kann ich die Einstellungen zum Deaktivieren oder L\u00f6schen von lokal geteilten Objekten \u00e4ndern?\u201c<\/li>\n<li><strong>Web Beacons.<\/strong>\u00a0Bestimmte Abschnitte unseres Dienstes und unserer E-Mails k\u00f6nnen kleine elektronische Dateien enthalten, die als Web Beacons bekannt sind (auch als Clear Gifs, Pixel-Tags und Single-Pixel-Gifs bezeichnet), die es dem Unternehmen beispielsweise erm\u00f6glichen, die Anzahl der Nutzer zu z\u00e4hlen, die diese Seiten besucht oder eine E-Mail ge\u00f6ffnet haben, sowie f\u00fcr andere damit verbundene Website-Statistiken (z. B. die Aufzeichnung der Beliebtheit eines bestimmten Abschnitts und die \u00dcberpr\u00fcfung der System- und Serverintegrit\u00e4t).<\/li>\n<\/ul>\n<p>Cookies k\u00f6nnen \u201edauerhafte\u201c oder \u201eSitzungs\u201c-Cookies sein. Dauerhafte Cookies verbleiben auf Ihrem pers\u00f6nlichen Computer oder Mobilger\u00e4t, wenn Sie offline gehen, w\u00e4hrend Sitzungs-Cookies gel\u00f6scht werden, sobald Sie Ihren Webbrowser schlie\u00dfen. Wir verwenden sowohl Sitzungs- als auch dauerhafte Cookies f\u00fcr die unten genannten Zwecke:<\/p>\n<ul>\n<li><strong>Notwendige \/ Essentielle Cookies<\/strong>Typ: Sitzungs-CookiesVerwaltet von: UnsZweck: Diese Cookies sind unerl\u00e4sslich, um Ihnen die \u00fcber die Website verf\u00fcgbaren Dienste bereitzustellen und Ihnen die Nutzung einiger ihrer Funktionen zu erm\u00f6glichen. Sie helfen bei der Authentifizierung von Nutzern und verhindern den betr\u00fcgerischen Einsatz von Benutzerkonten. Ohne diese Cookies k\u00f6nnen die von Ihnen angeforderten Dienste nicht bereitgestellt werden, und wir verwenden diese Cookies nur, um Ihnen diese Dienste bereitzustellen.<\/li>\n<li><strong>Cookies-Richtlinie \/ Hinweis-Akzeptanz-Cookies<\/strong>Typ: Dauerhafte CookiesVerwaltet von: UnsZweck: Diese Cookies identifizieren, ob Nutzer die Verwendung von Cookies auf der Website akzeptiert haben.<\/li>\n<li><strong>Funktionalit\u00e4ts-Cookies<\/strong>Typ: Dauerhafte CookiesVerwaltet von: UnsZweck: Diese Cookies erm\u00f6glichen es uns, Auswahlen zu speichern, die Sie treffen, wenn Sie die Website nutzen, z. B. das Speichern Ihrer Anmeldedaten oder Sprachpr\u00e4ferenz. Der Zweck dieser Cookies besteht darin, Ihnen eine pers\u00f6nlichere Erfahrung zu bieten und zu vermeiden, dass Sie Ihre Pr\u00e4ferenzen bei jeder Nutzung der Website erneut eingeben m\u00fcssen.<\/li>\n<\/ul>\n<p>Weitere Informationen zu den von uns verwendeten Cookies und Ihren Auswahlm\u00f6glichkeiten bez\u00fcglich Cookies finden Sie in unserer Cookie-Richtlinie oder im Cookie-Abschnitt unserer Datenschutzerkl\u00e4rung.<\/p>\n<h2>Verwendung Ihrer personenbezogenen Daten<\/h2>\n<p>Das Unternehmen kann personenbezogene Daten f\u00fcr folgende Zwecke verwenden:<\/p>\n<ul>\n<li><strong>Um unseren Dienst bereitzustellen und zu warten<\/strong>, einschlie\u00dflich der \u00dcberwachung der Nutzung unseres Dienstes.<\/li>\n<li><strong>Um Ihr Konto zu verwalten:<\/strong>\u00a0um Ihre Registrierung als Nutzer des Dienstes zu verwalten. Die von Ihnen bereitgestellten personenbezogenen Daten k\u00f6nnen Ihnen Zugang zu verschiedenen Funktionen des Dienstes gew\u00e4hren, die Ihnen als registrierter Nutzer zur Verf\u00fcgung stehen.<\/li>\n<li><strong>Zur Erf\u00fcllung eines Vertrags:<\/strong>\u00a0die Entwicklung, Einhaltung und Durchf\u00fchrung des Kaufvertrags f\u00fcr die von Ihnen erworbenen Produkte, Gegenst\u00e4nde oder Dienstleistungen oder eines anderen Vertrags mit uns \u00fcber den Dienst.<\/li>\n<li><strong>Um Sie zu kontaktieren:<\/strong>\u00a0um Sie per E-Mail, Telefonanrufen, SMS oder anderen gleichwertigen Formen der elektronischen Kommunikation zu kontaktieren, wie z. B. Push-Benachrichtigungen einer mobilen Anwendung, bez\u00fcglich Aktualisierungen oder informativer Mitteilungen im Zusammenhang mit den Funktionen, Produkten oder vertraglich vereinbarten Dienstleistungen, einschlie\u00dflich Sicherheitsupdates, wenn dies f\u00fcr deren Umsetzung notwendig oder angemessen ist.<\/li>\n<li><strong>Um Ihnen<\/strong>\u00a0Neuigkeiten, Sonderangebote und allgemeine Informationen \u00fcber andere Waren, Dienstleistungen und Veranstaltungen bereitzustellen, die wir anbieten und die denen \u00e4hnlich sind, die Sie bereits gekauft oder nach denen Sie sich erkundigt haben, es sei denn, Sie haben sich gegen den Erhalt solcher Informationen entschieden.<\/li>\n<li><strong>Um Ihre Anfragen zu verwalten:<\/strong>\u00a0um Ihre Anfragen an uns zu bearbeiten und zu verwalten.<\/li>\n<li><strong>F\u00fcr Unternehmens\u00fcbertragungen:<\/strong>\u00a0Wir k\u00f6nnen Ihre Informationen verwenden, um eine Fusion, Ver\u00e4u\u00dferung, Umstrukturierung, Reorganisation, Aufl\u00f6sung oder einen anderen Verkauf oder eine \u00dcbertragung von einigen oder allen unseren Verm\u00f6genswerten zu bewerten oder durchzuf\u00fchren, sei es als fortgef\u00fchrtes Unternehmen oder im Rahmen eines Insolvenz-, Liquidations- oder \u00e4hnlichen Verfahrens, bei dem personenbezogene Daten \u00fcber unsere Dienstnutzer zu den \u00fcbertragenen Verm\u00f6genswerten geh\u00f6ren.<\/li>\n<li><strong>F\u00fcr andere Zwecke<\/strong>: Wir k\u00f6nnen Ihre Informationen f\u00fcr andere Zwecke verwenden, wie z. B. Datenanalyse, Identifizierung von Nutzungstrends, Bestimmung der Wirksamkeit unserer Werbekampagnen sowie zur Bewertung und Verbesserung unseres Dienstes, unserer Produkte, Dienstleistungen, des Marketings und Ihrer Erfahrung.<\/li>\n<\/ul>\n<p>Wir k\u00f6nnen Ihre personenbezogenen Informationen in folgenden Situationen weitergeben:<\/p>\n<ul>\n<li><strong>Mit Dienstanbietern:<\/strong>\u00a0Wir k\u00f6nnen Ihre personenbezogenen Informationen mit Dienstanbietern teilen, um die Nutzung unseres Dienstes zu \u00fcberwachen und zu analysieren und um Sie zu kontaktieren.<\/li>\n<li><strong>F\u00fcr Unternehmens\u00fcbertragungen:<\/strong>\u00a0Wir k\u00f6nnen Ihre personenbezogenen Informationen im Zusammenhang mit oder w\u00e4hrend Verhandlungen \u00fcber eine Fusion, den Verkauf von Unternehmensverm\u00f6gen, eine Finanzierung oder den Erwerb des gesamten oder eines Teils unseres Unternehmens an ein anderes Unternehmen teilen oder \u00fcbertragen.<\/li>\n<li><strong>Mit verbundenen Unternehmen:<\/strong>\u00a0Wir k\u00f6nnen Ihre Informationen mit unseren verbundenen Unternehmen teilen, in welchem Fall wir diese verbundenen Unternehmen verpflichten, diese Datenschutzerkl\u00e4rung einzuhalten. Verbundenen Unternehmen geh\u00f6ren unsere Muttergesellschaft und alle anderen Tochtergesellschaften, Joint-Venture-Partner oder andere Unternehmen, die wir kontrollieren oder die unter gemeinsamer Kontrolle mit uns stehen.<\/li>\n<li><strong>Mit Gesch\u00e4ftspartnern:<\/strong>\u00a0Wir k\u00f6nnen Ihre Informationen mit unseren Gesch\u00e4ftspartnern teilen, um Ihnen bestimmte Produkte, Dienstleistungen oder Werbeaktionen anzubieten.<\/li>\n<li><strong>Mit anderen Nutzern:<\/strong>\u00a0wenn Sie personenbezogene Informationen teilen oder anderweitig in \u00f6ffentlichen Bereichen mit anderen Nutzern interagieren, kann diese Information von allen Nutzern eingesehen und au\u00dferhalb \u00f6ffentlich verteilt werden.<\/li>\n<li><strong>Mit Ihrer Einwilligung<\/strong>: Wir k\u00f6nnen Ihre personenbezogenen Informationen f\u00fcr jeden anderen Zweck mit Ihrer Einwilligung offenlegen.<\/li>\n<\/ul>\n<h2>Aufbewahrung Ihrer personenbezogenen Daten<\/h2>\n<p>Das Unternehmen wird Ihre personenbezogenen Daten nur so lange aufbewahren, wie es f\u00fcr die in dieser Datenschutzerkl\u00e4rung genannten Zwecke erforderlich ist. Wir werden Ihre personenbezogenen Daten in dem Umfang aufbewahren und verwenden, der notwendig ist, um unseren rechtlichen Verpflichtungen nachzukommen (z. B. wenn wir verpflichtet sind, Ihre Daten aufzubewahren, um geltende Gesetze einzuhalten), Streitigkeiten beizulegen und unsere rechtlichen Vereinbarungen und Richtlinien durchzusetzen. Das Unternehmen wird Nutzungsdaten auch zu internen Analysezwecken aufbewahren. Nutzungsdaten werden in der Regel f\u00fcr einen k\u00fcrzeren Zeitraum aufbewahrt, es sei denn, diese Daten werden verwendet, um die Sicherheit oder Funktionalit\u00e4t unseres Dienstes zu st\u00e4rken, oder wir sind gesetzlich verpflichtet, diese Daten f\u00fcr l\u00e4ngere Zeitr\u00e4ume aufzubewahren.<\/p>\n<h2>\u00dcbertragung Ihrer personenbezogenen Daten<\/h2>\n<p>Ihre Informationen, einschlie\u00dflich personenbezogener Daten, werden in den Betriebsb\u00fcros des Unternehmens und an allen anderen Orten verarbeitet, an denen die an der Verarbeitung beteiligten Parteien ans\u00e4ssig sind. Dies bedeutet, dass diese Informationen auf Computer \u00fcbertragen und dort gespeichert werden k\u00f6nnen, die sich au\u00dferhalb Ihres Bundesstaates, Ihrer Provinz, Ihres Landes oder einer anderen staatlichen Gerichtsbarkeit befinden, in der die Datenschutzgesetze von denen Ihrer Gerichtsbarkeit abweichen k\u00f6nnen. Ihre Einwilligung zu dieser Datenschutzerkl\u00e4rung, gefolgt von der \u00dcbermittlung solcher Informationen, stellt Ihre Zustimmung zu dieser \u00dcbertragung dar. Das Unternehmen wird alle vern\u00fcnftigerweise notwendigen Schritte unternehmen, um sicherzustellen, dass Ihre Daten sicher und in \u00dcbereinstimmung mit dieser Datenschutzerkl\u00e4rung behandelt werden und keine \u00dcbertragung Ihrer personenbezogenen Daten an eine Organisation oder ein Land erfolgt, es sei denn, es sind angemessene Kontrollen vorhanden, einschlie\u00dflich der Sicherheit Ihrer Daten und anderer personenbezogener Informationen.<\/p>\n<h2>Offenlegung Ihrer personenbezogenen Daten<\/h2>\n<h3>Gesch\u00e4ftstransaktionen<\/h3>\n<p>Wenn das Unternehmen an einer Fusion, \u00dcbernahme oder einem Verm\u00f6gensverkauf beteiligt ist, k\u00f6nnen Ihre personenbezogenen Daten \u00fcbertragen werden. Wir werden Sie benachrichtigen, bevor Ihre personenbezogenen Daten \u00fcbertragen werden und einer anderen Datenschutzerkl\u00e4rung unterliegen.<\/p>\n<h3>Strafverfolgungsbeh\u00f6rden<\/h3>\n<p>Unter bestimmten Umst\u00e4nden kann das Unternehmen verpflichtet sein, Ihre personenbezogenen Daten offenzulegen, wenn dies gesetzlich vorgeschrieben ist oder als Reaktion auf g\u00fcltige Anfragen von Beh\u00f6rden (z. B. einem Gericht oder einer Regierungsbeh\u00f6rde).<\/p>\n<h3>Sonstige rechtliche Anforderungen<\/h3>\n<p>Das Unternehmen kann Ihre personenbezogenen Daten in dem guten Glauben offenlegen, dass eine solche Handlung notwendig ist, um:<\/p>\n<ul>\n<li>Einer rechtlichen Verpflichtung nachzukommen<\/li>\n<li>Die Rechte oder das Eigentum des Unternehmens zu sch\u00fctzen und zu verteidigen<\/li>\n<li>M\u00f6gliches Fehlverhalten im Zusammenhang mit dem Dienst zu verhindern oder zu untersuchen<\/li>\n<li>Die pers\u00f6nliche Sicherheit der Nutzer des Dienstes oder der \u00d6ffentlichkeit zu sch\u00fctzen<\/li>\n<li>Gegen rechtliche Haftung zu sch\u00fctzen<\/li>\n<\/ul>\n<h2>Sicherheit Ihrer personenbezogenen Daten<\/h2>\n<p>Die Sicherheit Ihrer personenbezogenen Daten ist uns wichtig, aber bedenken Sie, dass keine Methode der \u00dcbertragung \u00fcber das Internet oder Methode der elektronischen Speicherung zu 100 % sicher ist. Obwohl wir uns bem\u00fchen, kommerziell akzeptable Mittel zum Schutz Ihrer personenbezogenen Daten zu verwenden, k\u00f6nnen wir deren absolute Sicherheit nicht garantieren.<\/p>\n<h1>Datenschutz f\u00fcr Kinder<\/h1>\n<p>Unser Dienst richtet sich nicht an Personen unter 13 Jahren. Wir sammeln wissentlich keine personenbezogenen Daten von Personen unter 13 Jahren. Wenn Sie Elternteil oder Erziehungsberechtigter sind und wissen, dass Ihr Kind uns personenbezogene Daten zur Verf\u00fcgung gestellt hat, kontaktieren Sie uns bitte. Wenn wir feststellen, dass wir personenbezogene Daten von einer Person unter 13 Jahren ohne \u00dcberpr\u00fcfung der elterlichen Einwilligung gesammelt haben, unternehmen wir Schritte, um diese Informationen von unseren Servern zu entfernen. Wenn wir uns auf die Einwilligung als Rechtsgrundlage f\u00fcr die Verarbeitung Ihrer Informationen st\u00fctzen m\u00fcssen und Ihr Land die Einwilligung eines Elternteils erfordert, k\u00f6nnen wir die Einwilligung Ihres Elternteils verlangen, bevor wir diese Informationen erheben und verwenden.<\/p>\n<h1>Links zu anderen Websites<\/h1>\n<p>Unser Dienst kann Links zu anderen Websites enthalten, die nicht von uns betrieben werden. Wenn Sie auf einen Link eines Drittanbieters klicken, werden Sie zur Website dieses Dritten weitergeleitet. Wir raten Ihnen dringend, die Datenschutzerkl\u00e4rung jeder von Ihnen besuchten Website zu lesen. Wir haben keine Kontrolle \u00fcber und \u00fcbernehmen keine Verantwortung f\u00fcr den Inhalt, die Datenschutzrichtlinien oder die Praktiken von Websites oder Diensten Dritter.<\/p>\n<h1>\u00c4nderungen dieser Datenschutzerkl\u00e4rung<\/h1>\n<p>Wir k\u00f6nnen unsere Datenschutzerkl\u00e4rung von Zeit zu Zeit aktualisieren. Wir werden Sie \u00fcber etwaige \u00c4nderungen informieren, indem wir die neue Datenschutzerkl\u00e4rung auf dieser Seite ver\u00f6ffentlichen. Wir werden Sie per E-Mail und\/oder durch einen auff\u00e4lligen Hinweis auf unserem Dienst benachrichtigen, bevor die \u00c4nderung wirksam wird, und das Datum \u201eZuletzt aktualisiert\u201c oben in dieser Datenschutzerkl\u00e4rung aktualisieren. Wir empfehlen Ihnen, diese Datenschutzerkl\u00e4rung regelm\u00e4\u00dfig auf \u00c4nderungen zu \u00fcberpr\u00fcfen. \u00c4nderungen an dieser Datenschutzerkl\u00e4rung werden wirksam, sobald sie auf dieser Seite ver\u00f6ffentlicht werden.<\/p>\n<h1>Kontaktieren Sie uns<\/h1>\n<p>Wenn Sie Fragen zu dieser Datenschutzerkl\u00e4rung haben, k\u00f6nnen Sie uns auf unserer Homepage unter GamehelpTech<strong>@gmail.com<\/strong> kontaktieren.<\/p>\n<\/div>\n<\/div>\n","protected":false},"excerpt":{"rendered":"<p>Zuletzt aktualisiert: 03. M\u00e4rz 2026 Diese Datenschutzerkl\u00e4rung beschreibt unsere Richtlinien und Verfahren zur Erhebung, Nutzung&hellip;<\/p>\n","protected":false},"author":1,"featured_media":0,"parent":0,"menu_order":0,"comment_status":"closed","ping_status":"open","template":"","meta":{"_lmt_disableupdate":"no","_lmt_disable":"","iawp_total_views":0,"footnotes":""},"class_list":["post-596","page","type-page","status-publish","hentry"],"_hostinger_reach_plugin_has_subscription_block":false,"_hostinger_reach_plugin_is_elementor":false,"_links":{"self":[{"href":"https:\/\/gamehelptech.com\/de\/wp-json\/wp\/v2\/pages\/596","targetHints":{"allow":["GET"]}}],"collection":[{"href":"https:\/\/gamehelptech.com\/de\/wp-json\/wp\/v2\/pages"}],"about":[{"href":"https:\/\/gamehelptech.com\/de\/wp-json\/wp\/v2\/types\/page"}],"author":[{"embeddable":true,"href":"https:\/\/gamehelptech.com\/de\/wp-json\/wp\/v2\/users\/1"}],"replies":[{"embeddable":true,"href":"https:\/\/gamehelptech.com\/de\/wp-json\/wp\/v2\/comments?post=596"}],"version-history":[{"count":4,"href":"https:\/\/gamehelptech.com\/de\/wp-json\/wp\/v2\/pages\/596\/revisions"}],"predecessor-version":[{"id":600,"href":"https:\/\/gamehelptech.com\/de\/wp-json\/wp\/v2\/pages\/596\/revisions\/600"}],"wp:attachment":[{"href":"https:\/\/gamehelptech.com\/de\/wp-json\/wp\/v2\/media?parent=596"}],"curies":[{"name":"wp","href":"https:\/\/api.w.org\/{rel}","templated":true}]}}