{"id":601,"date":"2026-03-03T07:20:22","date_gmt":"2026-03-03T07:20:22","guid":{"rendered":"https:\/\/gamehelptech.com\/?page_id=601"},"modified":"2026-04-08T10:30:22","modified_gmt":"2026-04-08T10:30:22","slug":"haftungsausschluss","status":"publish","type":"page","link":"https:\/\/gamehelptech.com\/de\/haftungsausschluss\/","title":{"rendered":"Haftungsausschluss"},"content":{"rendered":"<h1 data-path-to-node=\"3\">Haftungsausschluss f\u00fcr Gamehelptech<\/h1>\n<p data-path-to-node=\"4\">Wenn Sie weitere Informationen ben\u00f6tigen oder Fragen zu unserem Haftungsausschluss der Website haben, k\u00f6nnen Sie uns gerne per E-Mail kontaktieren: gamehelptech@gmail.com<\/p>\n<h2 data-path-to-node=\"5\">Allgemeine Informationen<\/h2>\n<p data-path-to-node=\"6\">Alle Informationen auf dieser Website \u2014 <a class=\"ng-star-inserted\" href=\"https:\/\/gamehelptech.com\/de\/\" target=\"_blank\" rel=\"noopener\" data-hveid=\"0\" data-ved=\"0CAAQ_4QMahcKEwijgJ6EkYOTAxUAAAAAHQAAAAAQVA\">https:\/\/gamehelptech.com\/<\/a> \u2014 werden in gutem Glauben und ausschlie\u00dflich zu allgemeinen Informations- und Bildungszwecken ver\u00f6ffentlicht. <b data-path-to-node=\"6\" data-index-in-node=\"152\">Gamehelptech<\/b> gibt keinerlei Garantien ab.<\/p>\n<h3 data-path-to-node=\"7\">Richtlinie zu urheberrechtlich gesch\u00fctzten Materialien (Kein Hosting von ROMs\/ISOs)<\/h3>\n<p data-path-to-node=\"8\"><b data-path-to-node=\"8\" data-index-in-node=\"0\">Gamehelptech hostet, verteilt oder stellt keine direkten Links zu urheberrechtlich gesch\u00fctzten ROMs, ISOs, Spielen oder BIOS-Dateien bereit.<\/b> Wir respektieren die geistigen Eigentumsrechte der Spieleentwickler und -ersteller. Alle Tools, Software oder Dateien, auf die wir verlinken, sind nach bestem Wissen legitim, als sicher verifiziert und auf unserer eigenen Hardware getestet. Zum Beispiel basieren die Tutorials und Anleitungen f\u00fcr Ger\u00e4te wie PSP, PS Vita und Nintendo Switch auf Software und Prozessen, die wir pers\u00f6nlich als funktionsf\u00e4hig und sicher \u00fcberpr\u00fcft haben. Unser Engagement f\u00fcr Sicherheit ist eine direkte Folge der umfangreichen technischen Erfahrung des leitenden Ingenieurs im Hardware- und Firmware-Bereich, die auf Tausenden von Reparatur- und Service-Stunden f\u00fcr Kunden beruht.<\/p>\n<h3 data-path-to-node=\"9\">Genauigkeit der Informationen und Teststandards<\/h3>\n<p data-path-to-node=\"10\">Die Tutorials auf Gamehelptech stammen aus originalen Content-Erstellungsprozessen, die eine praktische \u00dcberpr\u00fcfung beinhalten. Vor der Ver\u00f6ffentlichung durchl\u00e4uft ein Tutorial beispielsweise eine sorgf\u00e4ltige 3-stufige Verifizierung, die einen Hardware-Kompatibilit\u00e4tscheck, einen Software-Stabilit\u00e4tstest und einen Malware-Scan umfasst. Als Ingenieur versteht der Gr\u00fcnder die genauen technischen Anforderungen f\u00fcr Software- und Firmware-Installationen und stellt sicher, dass Anleitungen f\u00fcr Prozesse wie die Installation von Custom ROMs sowohl genau als auch so sicher wie m\u00f6glich f\u00fcr unsere Leser sind.<\/p>\n<h2 data-path-to-node=\"7\">Technische Risiken &amp; \u201eAuf eigenes Risiko\u201c<\/h2>\n<p data-path-to-node=\"8\">Als professioneller Handy-Reparaturtechniker beinhalten die auf dieser Website bereitgestellten Tutorials (einschlie\u00dflich, aber nicht beschr\u00e4nkt auf Firmware-Flashing, Custom-ROM-Installation, Spiele und Emulator-Setups) technische Prozesse, die inh\u00e4rente Risiken mit sich bringen.<\/p>\n<p data-path-to-node=\"9\"><b data-path-to-node=\"9\" data-index-in-node=\"0\">Jede Handlung, die Sie aufgrund der Informationen auf dieser Website vornehmen, erfolgt ausschlie\u00dflich auf Ihr eigenes Risiko.<\/b> Gamehelptech und sein Gr\u00fcnder, Abiodun Olabanji, haften nicht f\u00fcr Verluste und\/oder Sch\u00e4den im Zusammenhang mit der Nutzung unserer Website, einschlie\u00dflich, aber nicht beschr\u00e4nkt auf:<\/p>\n<ul data-path-to-node=\"10\">\n<li>\n<p data-path-to-node=\"10,0,0\">\u201eBricken\u201c des Ger\u00e4ts oder Hardware-Ausf\u00e4lle.<\/p>\n<\/li>\n<li>\n<p data-path-to-node=\"10,1,0\">Datenverlust oder Erl\u00f6schen der Herstellergarantie.<\/p>\n<\/li>\n<li>\n<p data-path-to-node=\"10,2,0\">Software-Fehler oder Systeminstabilit\u00e4t.<\/p>\n<\/li>\n<\/ul>\n<p data-path-to-node=\"11\">Wir empfehlen dringend, alle Daten zu sichern, bevor Sie ein technisches Tutorial auf dieser Website ausprobieren.<\/p>\n<h2 data-path-to-node=\"12\">Externe Links &amp; Downloads<\/h2>\n<p data-path-to-node=\"13\">Von unserer Website aus k\u00f6nnen Sie \u00fcber Hyperlinks andere Websites besuchen. Obwohl wir uns bem\u00fchen, nur qualitativ hochwertige Links zu n\u00fctzlichen und ethischen Websites bereitzustellen, haben wir keine Kontrolle \u00fcber den Inhalt und die Art dieser Seiten.<\/p>\n<p data-path-to-node=\"14\">Jeder Download-Link auf <b data-path-to-node=\"14\" data-index-in-node=\"32\">Gamehelptech<\/b> wird von unserem Team auf physischer Hardware getestet und verifiziert. Wir k\u00f6nnen jedoch nicht garantieren, dass sich Inhalte auf Drittanbieter-Servern nicht \u00e4ndern. Diese Links <span class=\"citation-3 citation-end-3\">zu anderen Websites implizieren keine Empfehlung f\u00fcr den gesamten Inhalt dieser Seiten. Die Website-Betreiber und Inhalte k\u00f6nnen sich ohne Vorank\u00fcndigung \u00e4ndern und dies kann geschehen, bevor wir die M\u00f6glichkeit haben, einen Link zu entfernen, der \u201eschlecht\u201c geworden ist.<\/span><\/p>\n<h2 data-path-to-node=\"15\"><span class=\"citation-2 citation-end-2\">Professionelle<\/span> Beziehung<\/h2>\n<p data-path-to-node=\"16\">Bitte beachten Sie, dass Abiodun Olabanji zwar ein professioneller Reparaturtechniker ist, die Informationen auf dieser Website jedoch kein formelles Techniker-Kunden-Verh\u00e4ltnis begr\u00fcnden. F\u00fcr komplexe Hardware-Reparaturen empfehle ich immer, mein physisches Reparaturzentrum aufzusuchen, wie z. B. unsere Filiale im <em><strong>Shop 34 Olukayode Shopping Complex, Akure, Ondo State, Nigeria<\/strong><\/em><\/p>\n<h2 data-path-to-node=\"17\">Einwilligung<\/h2>\n<p data-path-to-node=\"18\">Durch die Nutzung unserer Website erkl\u00e4ren Sie sich hiermit mit unserem Haftungsausschluss einverstanden und akzeptieren dessen Bedingungen.<\/p>\n<h2 data-path-to-node=\"19\">Aktualisierung<\/h2>\n<p data-path-to-node=\"20\">Sollten wir dieses Dokument aktualisieren, \u00e4ndern oder erg\u00e4nzen, werden diese \u00c4nderungen hier prominent ver\u00f6ffentlicht.<\/p>\n","protected":false},"excerpt":{"rendered":"<p>Haftungsausschluss f\u00fcr Gamehelptech Wenn Sie weitere Informationen ben\u00f6tigen oder Fragen zu unserem Haftungsausschluss der Website&hellip;<\/p>\n","protected":false},"author":1,"featured_media":0,"parent":0,"menu_order":0,"comment_status":"closed","ping_status":"closed","template":"","meta":{"_lmt_disableupdate":"","_lmt_disable":"","iawp_total_views":0,"footnotes":""},"class_list":["post-601","page","type-page","status-publish","hentry"],"_hostinger_reach_plugin_has_subscription_block":false,"_hostinger_reach_plugin_is_elementor":false,"_links":{"self":[{"href":"https:\/\/gamehelptech.com\/de\/wp-json\/wp\/v2\/pages\/601","targetHints":{"allow":["GET"]}}],"collection":[{"href":"https:\/\/gamehelptech.com\/de\/wp-json\/wp\/v2\/pages"}],"about":[{"href":"https:\/\/gamehelptech.com\/de\/wp-json\/wp\/v2\/types\/page"}],"author":[{"embeddable":true,"href":"https:\/\/gamehelptech.com\/de\/wp-json\/wp\/v2\/users\/1"}],"replies":[{"embeddable":true,"href":"https:\/\/gamehelptech.com\/de\/wp-json\/wp\/v2\/comments?post=601"}],"version-history":[{"count":2,"href":"https:\/\/gamehelptech.com\/de\/wp-json\/wp\/v2\/pages\/601\/revisions"}],"predecessor-version":[{"id":603,"href":"https:\/\/gamehelptech.com\/de\/wp-json\/wp\/v2\/pages\/601\/revisions\/603"}],"wp:attachment":[{"href":"https:\/\/gamehelptech.com\/de\/wp-json\/wp\/v2\/media?parent=601"}],"curies":[{"name":"wp","href":"https:\/\/api.w.org\/{rel}","templated":true}]}}