{"id":604,"date":"2026-03-03T07:45:56","date_gmt":"2026-03-03T07:45:56","guid":{"rendered":"https:\/\/gamehelptech.com\/?page_id=604"},"modified":"2026-04-08T10:38:28","modified_gmt":"2026-04-08T10:38:28","slug":"kontaktieren-sie-uns","status":"publish","type":"page","link":"https:\/\/gamehelptech.com\/de\/kontaktieren-sie-uns\/","title":{"rendered":"Kontaktieren Sie uns"},"content":{"rendered":"<div id=\"model-response-message-contentr_bc8befba47ef3395\" class=\"markdown markdown-main-panel enable-updated-hr-color preserve-whitespaces-in-response\" dir=\"ltr\" aria-live=\"polite\" aria-busy=\"false\">\n<p data-path-to-node=\"4\">Haben Sie eine Frage zu einem Gaming-Tutorial, einem Hardware-Problem oder einem bestimmten Download-Link? Wir sind hier, um zu helfen. Bei <b data-path-to-node=\"4\" data-index-in-node=\"112\">Gamehelptech<\/b> legen wir Wert auf klare Kommunikation und fachkundigen Support.<\/p>\n<h3 style=\"text-align: center;\" data-path-to-node=\"5\">Kontaktieren Sie uns<\/h3>\n<p data-path-to-node=\"6\">Ob Sie technische Beratung suchen oder eine Anfrage zu unseren Dienstleistungen haben, Sie k\u00f6nnen uns \u00fcber die folgenden Kan\u00e4le erreichen:<\/p>\n<ul data-path-to-node=\"7\">\n<li>\n<p data-path-to-node=\"7,0,0\"><b data-path-to-node=\"7,0,0\" data-index-in-node=\"0\">E-Mail:<\/b> Gamehelptech@gmail.com<\/p>\n<\/li>\n<li>\n<p data-path-to-node=\"7,1,0\"><b data-path-to-node=\"7,1,0\" data-index-in-node=\"0\">Antwortzeit:<\/b> Wir bem\u00fchen uns, alle technischen Anfragen innerhalb von 24\u201348 Stunden zu beantworten.<\/p>\n<\/li>\n<\/ul>\n<h3 style=\"text-align: center;\" data-path-to-node=\"8\">Besuchen Sie unser Reparaturzentrum<\/h3>\n<p data-path-to-node=\"9\">Wenn Sie sich in Nigeria befinden und professionelle praktische Unterst\u00fctzung bei Ihrem Smartphone, Ihrer Konsole oder Ihrem Ger\u00e4t ben\u00f6tigen, besuchen Sie gerne unser physisches Service-Center.<\/p>\n<ul data-path-to-node=\"10\">\n<li>\n<p data-path-to-node=\"10,0,0\"><b data-path-to-node=\"10,0,0\" data-index-in-node=\"0\">Firmenname:<\/b> Abiodun Olabanji Services World<\/p>\n<\/li>\n<li><strong>Telefonnummer<\/strong>: +2348034310398<\/li>\n<li>\n<p data-path-to-node=\"10,1,0\"><b data-path-to-node=\"10,1,0\" data-index-in-node=\"0\">Leitender Ingenieur:<\/b> Abiodun Olabanji<\/p>\n<\/li>\n<li>\n<p data-path-to-node=\"10,2,0\"><b data-path-to-node=\"10,2,0\" data-index-in-node=\"0\">Standort:<\/b> <b data-path-to-node=\"20,2,0\" data-index-in-node=\"0\">Shop 34<\/b> Olukayode Shopping Complex, Akure, Ondo State, Nigeria<\/p>\n<\/li>\n<li>\n<p data-path-to-node=\"10,3,0\"><b data-path-to-node=\"10,3,0\" data-index-in-node=\"0\">\u00d6ffnungszeiten:<\/b> * Montag \u2013 Freitag: 9:00 Uhr \u2013 18:00 Uhr<\/p>\n<ul data-path-to-node=\"10,3,1\">\n<li>\n<p data-path-to-node=\"10,3,1,0,0\">Samstag: 10:00 Uhr \u2013 16:00 Uhr<\/p>\n<\/li>\n<li>\n<p data-path-to-node=\"10,3,1,1,0\">Sonntag: Geschlossen<\/p>\n<\/li>\n<\/ul>\n<\/li>\n<\/ul>\n<h3 style=\"text-align: center;\" data-path-to-node=\"11\">Folgen Sie unseren Updates<\/h3>\n<p data-path-to-node=\"12\">Bleiben Sie auf dem Laufenden \u00fcber die neuesten Entwicklungen in Gaming-Technik, Emulator-Anleitungen und Handy-Reparaturl\u00f6sungen, indem Sie uns auf unseren offiziellen Kan\u00e4len folgen:<\/p>\n<ul data-path-to-node=\"13\">\n<li>\n<p data-path-to-node=\"13,0,0\"><b data-path-to-node=\"13,0,0\" data-index-in-node=\"0\">Website:<\/b> <strong><a class=\"ng-star-inserted\" href=\"https:\/\/gamehelptech.com\/de\/\" target=\"_blank\" rel=\"noopener\" data-hveid=\"0\" data-ved=\"0CAAQ_4QMahcKEwijgJ6EkYOTAxUAAAAAHQAAAAAQdA\">https:\/\/gamehelptech.com\/<\/a><\/strong><\/p>\n<\/li>\n<li>\n<p data-path-to-node=\"13,1,0\"><a href=\"https:\/\/www.facebook.com\/fidetv1\/\" target=\"_blank\" rel=\"noopener\"><b data-path-to-node=\"13,1,0\" data-index-in-node=\"0\">Unsere Facebook-Seite<\/b><\/a><\/p>\n<\/li>\n<li><a href=\"https:\/\/www.youtube.com\/@gamehelp-tech\" target=\"_blank\" rel=\"noopener\"><strong>Besuchen Sie unseren YouTube-Kanal<\/strong><\/a><\/li>\n<li><strong><a href=\"https:\/\/www.pinterest.com\/gamehelptech\/\" target=\"_blank\" rel=\"noopener\">Schauen Sie bei uns auf Pinterest vorbei<\/a><\/strong><\/li>\n<\/ul>\n<h3 style=\"text-align: center;\" data-path-to-node=\"14\">Feedback &amp; Technischer Support<\/h3>\n<p data-path-to-node=\"15\">Wenn Sie einen Fehler in einem unserer Tutorials gefunden haben oder ein Link nicht mehr funktioniert, lassen Sie es uns bitte wissen. Als community-gest\u00fctzte Ressource hilft uns Ihr Feedback dabei, unsere \u201e100 % getestet\u201c-Garantie aufrechtzuerhalten.<\/p>\n<\/div>\n","protected":false},"excerpt":{"rendered":"<p>Haben Sie eine Frage zu einem Gaming-Tutorial, einem Hardware-Problem oder einem bestimmten Download-Link? Wir sind&hellip;<\/p>\n","protected":false},"author":1,"featured_media":0,"parent":0,"menu_order":0,"comment_status":"closed","ping_status":"closed","template":"","meta":{"_lmt_disableupdate":"","_lmt_disable":"","iawp_total_views":1,"footnotes":""},"class_list":["post-604","page","type-page","status-publish","hentry"],"_hostinger_reach_plugin_has_subscription_block":false,"_hostinger_reach_plugin_is_elementor":false,"_links":{"self":[{"href":"https:\/\/gamehelptech.com\/de\/wp-json\/wp\/v2\/pages\/604","targetHints":{"allow":["GET"]}}],"collection":[{"href":"https:\/\/gamehelptech.com\/de\/wp-json\/wp\/v2\/pages"}],"about":[{"href":"https:\/\/gamehelptech.com\/de\/wp-json\/wp\/v2\/types\/page"}],"author":[{"embeddable":true,"href":"https:\/\/gamehelptech.com\/de\/wp-json\/wp\/v2\/users\/1"}],"replies":[{"embeddable":true,"href":"https:\/\/gamehelptech.com\/de\/wp-json\/wp\/v2\/comments?post=604"}],"version-history":[{"count":2,"href":"https:\/\/gamehelptech.com\/de\/wp-json\/wp\/v2\/pages\/604\/revisions"}],"predecessor-version":[{"id":606,"href":"https:\/\/gamehelptech.com\/de\/wp-json\/wp\/v2\/pages\/604\/revisions\/606"}],"wp:attachment":[{"href":"https:\/\/gamehelptech.com\/de\/wp-json\/wp\/v2\/media?parent=604"}],"curies":[{"name":"wp","href":"https:\/\/api.w.org\/{rel}","templated":true}]}}